{"id":471,"date":"2017-06-12T20:20:34","date_gmt":"2017-06-12T18:20:34","guid":{"rendered":"https:\/\/www.francobavaria.at\/?page_id=471"},"modified":"2017-06-12T20:25:37","modified_gmt":"2017-06-12T18:25:37","slug":"haeufig-gestellte-fragen","status":"publish","type":"page","link":"https:\/\/www.francobavaria.at\/?page_id=471","title":{"rendered":"H\u00e4ufig gestellte Fragen"},"content":{"rendered":"<p><b>Wer ist die Franco-Bavaria?<\/b><br \/>\nDie Franco-Bavaria ist eine Katholische \u00d6sterreichische Hochschulverbindung im \u00d6CV.<\/p>\n<p><b>Gibt es Aufnahmekriterien um bei euch Mitglied werden zu k\u00f6nnen?<\/b><br \/>\nJa. Als ordentliches Mitglied kann nur aufgenommen werden, wer<br \/>\n&#8211; sich zum katholischen Glauben (r\u00f6misch-katholisch oder mit Rom uniert) bekennt,<br \/>\n&#8211; m\u00e4nnlichen Geschlechts ist,<br \/>\n&#8211; Deutsch als Muttersprache hat oder die \u00d6sterreichische Staatsb\u00fcrgerschaft besitzt,<br \/>\n&#8211; als ordentlicher H\u00f6rer an einer unter das Allgemeine Hochschulstudiengesetz fallenden Unterrichtsanstalt, an der Milit\u00e4rakademie zu Wiener Neustadt oder an einer P\u00e4dagogischen Akademie gem\u00e4\u00df den Statuten mit einer Studiendauer von mindestens sechs Semestern oder an einer Fachhochschule bzw. einem Fachhochschulstudiengang mit abgelegter Matura inskribiert ist.<\/p>\n<p><b>Nehmen wir auch Ausl\u00e4nder auf?<\/b><br \/>\nJa. Grunds\u00e4tzlich wird jeder aufgenommen der die Aufnahmekriterien erf\u00fcllt.<br \/>\n(Siehe oben)<\/p>\n<p><b>Nehmen wir Protestanten auf?<\/b><br \/>\nNein. Als katholische Verbindung wei\u00df sich Franco-Bavaria der katholischen Kirche zugeh\u00f6rend. Gerade deshalb ist f\u00fcr uns eine \u00f6kumenische Haltung wichtig und wir unterst\u00fctzen alle ernsthaften Bem\u00fchungen um eine Vereinigung der christlichen Kirchen. Aus diesem Grund nehmen wir auch keine evangelischen Christen auf, da dies die evangelische Kirche nicht goutiert. Da wir uns als Katholiken grunds\u00e4tzlich dem Sendungsauftrag der katholischen Kirche und ihrem kirchlichen und sakramentalen Leben verbunden f\u00fchlen, k\u00e4men engagierte evangelische Christen unter Umst\u00e4nden in Gewissenskonflikte.<\/p>\n<p><b>Nehmen wir Nicht-Katholiken auf?<\/b><br \/>\nNein. Die Franco-Bavaria bekennt sich seit ihrer Gr\u00fcndung am 4. Dezember 1908 zum katholischen Glauben. Als Gemeinschaft von katholischen Studenten und Akademikern verstehen wir uns &#8211; unter Wahrung unserer traditionellen Eigenst\u00e4ndigkeit &#8211; der katholischen Kirche angeh\u00f6rend. Wir sind, durch die in der Kirche \u00fcberlieferte Offenbarung in Jesus Christus, Gott und dem N\u00e4chsten verbunden und daraus zum Guten motiviert.<\/p>\n<p><b>Nehmen wir M\u00e4dchen auf?<\/b><br \/>\nNein. Die Franco-Bavaria ist ein historisch gewachsener M\u00e4nnerbund, dem wir alle freiwillig und bewusst beigetreten sind. Diesen M\u00e4nnerbund wollen wir auch in Zukunft bewahren. F\u00fcr uns stellt das Zusammensein im Kreise der Bundesbr\u00fcder n\u00e4mlich ein einzigartiges Erlebnis dar. Daher sind einige wenige unserer Veranstaltungen unseren Mitgliedern vorbehalten. Dennoch anerkennen wir die Wichtigkeit und Stellung der Frau in unserer heutigen Gesellschaft und freuen uns immer Damen und G\u00e4ste auf unseren Veranstaltungen begr\u00fc\u00dfen zu k\u00f6nnen.<\/p>\n<p><b>K\u00f6nnen wir die Zukunft entscheidend mitgestalten?<\/b><br \/>\nJa. Wir arbeiten in \u00f6ffentlichen, wirtschaftlichen, religi\u00f6sen, kulturellen und politischen Gremien aktiv mit und k\u00f6nnen so die Zukunft mitgestalten.<\/p>\n<p><b>Hilft dir die Mitgliedschaft in der Franco-Bavaria im Beruf?<\/b><br \/>\nJa. Die unterschiedlichsten Studienrichtungen unserer Franco-Bavaria erm\u00f6glichen es, sich \u00fcber seinen Fachbereich hinaus weiterzubilden und Erfahrungen aus-zutauschen. Du lernst bei uns durch &#8222;training on the job&#8220; Aufgaben, wie die Zusammenstellung eines Semesterprogrammes, die Erstellung und Kontrolle des Budgets, die Organisation von Veranstaltungen bis hin zum Marketing, erfolgreich im Team umzusetzen und F\u00fchrungsqualit\u00e4t zu erwerben. Weiters bist Du Mitglied im gr\u00f6\u00dften \u00d6sterreichischen Akademikerverband, dem \u00d6CV, einer von ca. 12.000 Studenten und Akademikern, die in allen Bereichen des \u00f6ffentlichen, wirtschaftlichen, religi\u00f6sen, kulturellen und politischen Lebens t\u00e4tig sind. Wir lernen und profitieren von einander, fordern und f\u00f6rdern uns gegenseitig. Nur eigene Leistung und Verantwortung werden dich in der Franco-Bavaria und in deinem Beruf weiterbringen.<\/p>\n<p><b>Sind wir eine farbentragende Verbindung?<\/b><br \/>\nJa. Die Katholisch \u00f6sterreichische Hochschulverbindung Franco-Bavaria ist wie alle Verbindungen im \u00f6sterreichischen Cartellverband (\u00d6CV) eine farbentragende Studentenverbindung. Unter &#8222;Farben&#8220; versteht der Couleurstudent das Tragen von Band und M\u00fctze (auch Deckel). Die Mitglieder einer Verbindung tragen die gleichen zumeist dreif\u00e4rbigen B\u00e4nder und eine dazugeh\u00f6ende Kopfbedeckung. Eine farbentragende Verbindung tr\u00e4gt diese Symbole der studentischen Gemeinschaft im Gegensatz zu nicht-farbentragenden studentischen Verb\u00e4nden auch in der \u00d6ffentlichkeit. Die Farben symbolisieren die Gemeinsamkeit aller Mitglieder einer Verbindung unabh\u00e4ngig von deren Alter, Beruf und Herkunft.<\/p>\n<p><b>Ist die Franco-Bavaria ein Geheimbund?<\/b><br \/>\nNein. Die Franco-Bavaria ist ein im Vereinsregister offiziell eingetragener Verein. Wir sind st\u00e4ndig bem\u00fcht mit unserem gesellschaftlichen Umwelt in Kontakt zu treten und diesen zu pflegen. Die Mitgliedschaft in der Franco-Bavaria steht jedem offen, der die Aufnahmekriterien erf\u00fcllt.<\/p>\n<p><b>Ist die Franco-Bavaria eine Vorfeldorganisation der \u00d6VP?<\/b><br \/>\nNein. Die Franco-Bavaria ist ein eigenst\u00e4ndiger, rechtlich unabh\u00e4ngiger Verein. Der \u00d6CV und seine Verbindungen sind ausdr\u00fccklich nicht parteipolitisch gebunden. Ein Naheverh\u00e4ltnis zwischen \u00d6CV und \u00d6VP ergibt sich durch die gemeinsamen Prinzipien, Werte und die katholische Lebenseinstellung. Seit der Gr\u00fcndung der \u00d6VP 1945 engagieren sich Mitglieder unserer Verbindung in der \u00d6sterreichischen Volkspartei.<\/p>\n<p><b>Ist der \u00d6CV eine kirchliche Organisation?<\/b><br \/>\nNein. Der \u00d6CV ist Mitglied in der Arbeitsgemeinschaft Katholischer Verb\u00e4nde (AKV). Viele unserer Mitglieder sind aktiv in kirchlichen Laienorganisationen t\u00e4tig.<\/p>\n<p><b>Sind wir deutschnational?<\/b><br \/>\nNein. Der \u00d6sterreichische Cartellverband (\u00d6CV) bekennt sich in seinen Satzungen ausdr\u00fccklich zum souver\u00e4nen Staat \u00d6sterreich. Eine Reihe von CVern musste f\u00fcr diese \u00dcberzeugung in der NS-Zeit mit ihrem Leben b\u00fc\u00dfen. Das Bekenntnis zur demokratischen Republik, dem Rechtsstaat, dem \u00f6sterreichischen F\u00f6deralismus und der europ\u00e4ischen Integration sind f\u00fcr unsere Mitglieder eine Selbstverst\u00e4ndlichkeit, die sich nicht mit dem Gedankengut links- oder rechtsextremer Vereinigungen vereinen lassen.<\/p>\n<p><b>Ist die Franco-Bavaria eine schlagende Verbindung oder Burschenschaft?<\/b><br \/>\nNein. Die wichtigsten Unterschiede zwischen den katholischen und den schlagenden Verbindungen (Korporationen) sind bereits in der Geschichte begr\u00fcndet. Die ersten katholischen CV-Verbindungen wurden ab der Mitte des 19. Jahrhunderts als eine Gegenbewegung gegen die Vorherrschschaft der schlagenden Korporationen an den Hochschulen des deutschen Sprachraums gegr\u00fcndet. Die katholischen Studenten lehnten das liberale und stark antiklerikale Gedankengut der national-freiheitlich orientierten Mitglieder der Schlagenden (im besonderen der Burschenschaften) ab. Der katholische Glaube verbietet ein vors\u00e4tzliches Verletzen des Gegners und daher lehnten die katholischen Studenten als erste studentische Vereinigung Duell und Mensur ab. An den \u00f6sterreichischen Hochschulen versuchten die Schlagenden mit allen Mitteln bis zur nackten Gewalt ein Auftreten der CV-Verbindungen zu verhindern. Heute unterscheidet sich der \u00d6CV von den Schlagenden durch sein klares Bekenntnis zu \u00d6sterreich.<\/p>\n<p><b>Unterscheiden wir uns von schlagenden Verbindungen und Burschenschaften?<\/b><br \/>\nJa. Die wichtigsten Unterschiede zwischen den katholischen und den schlagenden Verbindungen (Korporationen) sind bereits in der Geschichte begr\u00fcndet. Die ersten katholischen CV-Verbindungen wurden ab der Mitte des 19. Jahrhunderts als eine Gegenbewegung gegen die Vorherrschschaft der schlagenden Korporationen an den Hochschulen des deutschen Sprachraums gegr\u00fcndet. Die katholischen Studenten lehnten das liberale und stark antiklerikale Gedankengut der national-freiheitlich orientierten Mitglieder der Schlagenden (im besonderen der Burschenschaften) ab. Der katholische Glaube verbietet ein vors\u00e4tzliches Verletzen des Gegners und daher lehnten die katholischen Studenten als erste studentische Vereinigung Duell und Mensur ab. An den \u00f6sterreichischen Hochschulen versuchten die Schlagenden mit allen Mitteln bis zur nackten Gewalt ein Auftreten der CV-Verbindungen zu verhindern. Heute unterscheidet sich der \u00d6CV von den Schlagenden durch sein klares Bekenntnis zu \u00d6sterreich.<\/p>\n<p><b>Werden S\u00e4bel (=Schl\u00e4ger) getragen?<\/b><br \/>\nJa. Wir tragen Waffen nur als Bestandteil der studentischen Festtracht (Wichs), die von unseren Mitgliedern bei besonderen feierlichen Anl\u00e4ssen getragen wird. Diese sog. &#8222;Schl\u00e4ger&#8220; sind reine Zierwaffen, die nur stumpfe Klingen haben und f\u00fcr eine Auseinandersetzung mit einem Gegner v\u00f6llig ungeeignet sind. Die Ablehnung der Austragung von Ehrenstreitigkeiten mit der Waffe steht am Anfang der Geschichte der katholischen Verbindungen. Der katholische Glaube verbietet den Mitgliedern von katholischen Verbindungen das Austragen von Duell oder Mensur.<\/p>\n<p><b>Werden in der Franco-Bavaria Duelle\/Mensuren gefochten?<\/b><br \/>\nNein. Aus unserem katholischen Selbstverst\u00e4ndnis heraus lehnen wir jegliche Art von gewaltt\u00e4tigen Auseinandersetzung wie z.B. Duelle ab und verurteilen diesen Unsinn aufs Sch\u00e4rfste. Vielmehr legen wir Wert auf Charakterst\u00e4rke und menschliche Gr\u00f6\u00dfe des Einzelnen.<\/p>\n<p><b>Wer ist der \u00d6CV?<\/b><br \/>\nDer \u00d6CV ist der gr\u00f6\u00dfte Akademikerverband \u00d6sterreichs. Er besteht aus 44 katholischen Hochschulverbindungen, die in allen Universit\u00e4tsst\u00e4dten \u00d6sterreichs angesiedelt sind. Insgesamt umfasst der \u00d6CV ca. 12 000 Mitglieder (10.000 Akademiker, 2.000 Studierende), die in allen Bereichen des religi\u00f6sen, kulturellen, politischen, wirtschaftlichen und gesellschaftlichen Lebens t\u00e4tig sind. Weitere Informationen findest Du auf der \u00d6CV Homepage.<\/p>\n","protected":false},"excerpt":{"rendered":"<p>Wer ist die Franco-Bavaria? Die Franco-Bavaria ist eine Katholische \u00d6sterreichische Hochschulverbindung im \u00d6CV. Gibt es Aufnahmekriterien um bei euch Mitglied werden zu k\u00f6nnen? Ja. Als ordentliches Mitglied kann nur aufgenommen werden, wer &#8211; sich zum katholischen Glauben (r\u00f6misch-katholisch oder mit Rom uniert) bekennt, &#8211; m\u00e4nnlichen Geschlechts ist, &#8211; Deutsch als Muttersprache hat oder die \u00d6sterreichische <a href=\"https:\/\/www.francobavaria.at\/?page_id=471\" rel=\"nofollow\"><span class=\"sr-only\">Read more about H\u00e4ufig gestellte Fragen<\/span>[&hellip;]<\/a><\/p>\n","protected":false},"author":1,"featured_media":0,"parent":0,"menu_order":0,"comment_status":"closed","ping_status":"closed","template":"","meta":{"footnotes":""},"class_list":["post-471","page","type-page","status-publish","hentry"],"_links":{"self":[{"href":"https:\/\/www.francobavaria.at\/index.php?rest_route=\/wp\/v2\/pages\/471","targetHints":{"allow":["GET"]}}],"collection":[{"href":"https:\/\/www.francobavaria.at\/index.php?rest_route=\/wp\/v2\/pages"}],"about":[{"href":"https:\/\/www.francobavaria.at\/index.php?rest_route=\/wp\/v2\/types\/page"}],"author":[{"embeddable":true,"href":"https:\/\/www.francobavaria.at\/index.php?rest_route=\/wp\/v2\/users\/1"}],"replies":[{"embeddable":true,"href":"https:\/\/www.francobavaria.at\/index.php?rest_route=%2Fwp%2Fv2%2Fcomments&post=471"}],"version-history":[{"count":5,"href":"https:\/\/www.francobavaria.at\/index.php?rest_route=\/wp\/v2\/pages\/471\/revisions"}],"predecessor-version":[{"id":477,"href":"https:\/\/www.francobavaria.at\/index.php?rest_route=\/wp\/v2\/pages\/471\/revisions\/477"}],"wp:attachment":[{"href":"https:\/\/www.francobavaria.at\/index.php?rest_route=%2Fwp%2Fv2%2Fmedia&parent=471"}],"curies":[{"name":"wp","href":"https:\/\/api.w.org\/{rel}","templated":true}]}}